{"id":19769,"date":"2024-12-02T10:34:15","date_gmt":"2024-12-02T10:34:15","guid":{"rendered":"https:\/\/alivira.es\/?page_id=19769"},"modified":"2026-04-07T07:27:18","modified_gmt":"2026-04-07T07:27:18","slug":"home-page","status":"publish","type":"page","link":"https:\/\/alivira.es\/en\/","title":{"rendered":"Home"},"content":{"rendered":"<p><!-- start Unlimited Carousel -->\n\t\t<link id='font-awesome-css' href='https:\/\/alivira.es\/wp-content\/plugins\/unlimited-elements-for-elementor-premium\/assets_libraries\/font-awesome6\/fontawesome-all.min.css' type='text\/css' rel='stylesheet' >\n\t\t<link id='font-awesome-4-shim-css' href='https:\/\/alivira.es\/wp-content\/plugins\/unlimited-elements-for-elementor-premium\/assets_libraries\/font-awesome6\/fontawesome-v4-shims.min.css' type='text\/css' rel='stylesheet' >\n\t\t<link id='owl-carousel-css' href='https:\/\/alivira.es\/wp-content\/plugins\/unlimited-elements-for-elementor-premium\/assets_libraries\/owl-carousel-new\/assets\/owl.carousel.css' type='text\/css' rel='stylesheet' >\n\t\t<link id='fancybox-css' href='https:\/\/alivira.es\/wp-content\/plugins\/unlimited-elements-for-elementor-premium\/assets_libraries\/fancybox3\/jquery.fancybox.min.css' type='text\/css' rel='stylesheet' >\n<style>\/* widget: Unlimited Carousel *\/\n#uc_image_card_carousel_elementor_1cb11d4a7{\n  min-height:1px;\n}\n#uc_image_card_carousel_elementor_1cb11d4a7-wrapper\n{\n  min-height:1px;\n}\n#uc_image_card_carousel_elementor_1cb11d4a7 .owl-dots {\noverflow:hidden;\ndisplay:none !important;\ntext-align:center;\n}\n#uc_image_card_carousel_elementor_1cb11d4a7 .owl-dot {\nborder-radius:50%;\ndisplay:inline-block;\n}\n#uc_image_card_carousel_elementor_1cb11d4a7 .owl-nav .owl-prev{\n    position:absolute;\n    display:inline-block;\n    text-align:center;\n}\n#uc_image_card_carousel_elementor_1cb11d4a7 .owl-nav .owl-next{\n  position:absolute;\n  display:inline-block;\n  text-align:center;\n  }\n.uc_dark_carousel *{\n\tmargin:0;\n\tpadding:0;\n\t-webkit-box-sizing: border-box;\n\t-moz-box-sizing: border-box;\n\tbox-sizing: border-box;\n}\n.uc_dark_carousel .uc_dark_carousel_box\n{\n\tmargin:0 auto;\n}\n#uc_image_card_carousel_elementor_1cb11d4a7 .uc_dark_carousel_container_holder\n{   display: flex;\n\tfont-size:14px;\n\toverflow:hidden;\n\tposition:relative;\n\twidth:100%;\n}\n.ue-title\n{\n\tfont-size:21px;\n}\n#uc_image_card_carousel_elementor_1cb11d4a7 .uc_dark_carousel_content\n{\n  display:flex;\n  flex-direction:column;\n}\n#uc_image_card_carousel_elementor_1cb11d4a7 .ue-content-bottom\n{\n  margin-top:auto;\n}\n#uc_image_card_carousel_elementor_1cb11d4a7  .uc_dark_carousel_placeholder\n{\n  position:relative;\n  overflow:hidden;\n}\n#uc_image_card_carousel_elementor_1cb11d4a7 .ue-btn-inner-wrapper\n{\n  display:flex;\n  align-items:center;\n}\n#uc_image_card_carousel_elementor_1cb11d4a7 .ue-btn-inner-wrapper svg\n{\n  height:1em;\n  width:1em;\n}\n#uc_image_card_carousel_elementor_1cb11d4a7  .uc_dark_carousel_placeholder img\n{\n\twidth:100%;\n    transition:0.3s;\n}\n#uc_image_card_carousel_elementor_1cb11d4a7 .uc_dark_carousel_content .uc_more_btn {\n\tdisplay:inline-block;\n}\n#uc_image_card_carousel_elementor_1cb11d4a7 .centered .ue-item{\n\tborder: 3px solid yellow;\n}\n.ue-item-badge\n{\n  font-size:11px;\n}\n#uc_image_card_carousel_elementor_1cb11d4a7 .ue-item-badge\n{\n  position:absolute;\n  right:10px;\n  top:10px;\n}\n<\/style>\n<p>          \t<a href=\"\"  ><img decoding=\"async\" src=\"https:\/\/alivira.es\/wp-content\/uploads\/2025\/01\/Slider-Image-1.avif\" alt=\"Slider Image 1\"><\/a><br \/>\n          \t<a href=\"\"  ><img decoding=\"async\" src=\"https:\/\/alivira.es\/wp-content\/uploads\/2025\/01\/Slider-Image-2.avif\" alt=\"Slider Image 2\"><\/a><br \/>\n          \t<a href=\"\"  ><img decoding=\"async\" src=\"https:\/\/alivira.es\/wp-content\/uploads\/2025\/01\/Slider-Image-3-1.avif\" alt=\"Slider Image 3 (1)\"><\/a><br \/>\n          \t<a href=\"\"  ><img decoding=\"async\" src=\"https:\/\/alivira.es\/wp-content\/uploads\/2025\/01\/Slider-Image-4.avif\" alt=\"Slider Image 4\"><\/a><br \/>\n<!-- end Unlimited Carousel --><br \/>\n<!-- start Remote Bullets --><\/p>\n<style>\/* widget: Remote Bullets *\/\n#uc_remote_control_bullet_navigation_elementor_7a595e058 \n{\n  display:flex;\n  flex-wrap: wrap;\n}\n#uc_remote_control_bullet_navigation_elementor_7a595e058 .ue-remote-bullet-btn\n{\n  display:flex;\n  align-items:center;\n  justify-content:center;\n  cursor:pointer;\n  transition:0.3s;\n  flex-grow: 0;\n  flex-shrink: 0;\n}\n<\/style>\n<p><!-- end Remote Bullets --><br \/>\n<!-- start Unlimited Carousel --><\/p>\n<style>\/* widget: Unlimited Carousel *\/\n#uc_image_card_carousel_elementor_5d1f8c8e9{\n  min-height:1px;\n}\n#uc_image_card_carousel_elementor_5d1f8c8e9-wrapper\n{\n  min-height:1px;\n}\n#uc_image_card_carousel_elementor_5d1f8c8e9 .owl-dots {\noverflow:hidden;\ndisplay:none !important;\ntext-align:center;\n}\n#uc_image_card_carousel_elementor_5d1f8c8e9 .owl-dot {\nborder-radius:50%;\ndisplay:inline-block;\n}\n#uc_image_card_carousel_elementor_5d1f8c8e9 .owl-nav .owl-prev{\n    position:absolute;\n    display:inline-block;\n    text-align:center;\n}\n#uc_image_card_carousel_elementor_5d1f8c8e9 .owl-nav .owl-next{\n  position:absolute;\n  display:inline-block;\n  text-align:center;\n  }\n.uc_dark_carousel *{\n\tmargin:0;\n\tpadding:0;\n\t-webkit-box-sizing: border-box;\n\t-moz-box-sizing: border-box;\n\tbox-sizing: border-box;\n}\n.uc_dark_carousel .uc_dark_carousel_box\n{\n\tmargin:0 auto;\n}\n#uc_image_card_carousel_elementor_5d1f8c8e9 .uc_dark_carousel_container_holder\n{   display: flex;\n\tfont-size:14px;\n\toverflow:hidden;\n\tposition:relative;\n\twidth:100%;\n}\n.ue-title\n{\n\tfont-size:21px;\n}\n#uc_image_card_carousel_elementor_5d1f8c8e9 .uc_dark_carousel_content\n{\n  display:flex;\n  flex-direction:column;\n}\n#uc_image_card_carousel_elementor_5d1f8c8e9 .ue-content-bottom\n{\n  margin-top:auto;\n}\n#uc_image_card_carousel_elementor_5d1f8c8e9  .uc_dark_carousel_placeholder\n{\n  position:relative;\n  overflow:hidden;\n}\n#uc_image_card_carousel_elementor_5d1f8c8e9 .ue-btn-inner-wrapper\n{\n  display:flex;\n  align-items:center;\n}\n#uc_image_card_carousel_elementor_5d1f8c8e9 .ue-btn-inner-wrapper svg\n{\n  height:1em;\n  width:1em;\n}\n#uc_image_card_carousel_elementor_5d1f8c8e9  .uc_dark_carousel_placeholder img\n{\n\twidth:100%;\n    transition:0.3s;\n}\n#uc_image_card_carousel_elementor_5d1f8c8e9 .uc_dark_carousel_content .uc_more_btn {\n\tdisplay:inline-block;\n}\n#uc_image_card_carousel_elementor_5d1f8c8e9 .centered .ue-item{\n\tborder: 3px solid yellow;\n}\n.ue-item-badge\n{\n  font-size:11px;\n}\n#uc_image_card_carousel_elementor_5d1f8c8e9 .ue-item-badge\n{\n  position:absolute;\n  right:10px;\n  top:10px;\n}\n<\/style>\n<p>          \t<a href=\"\"  ><img decoding=\"async\" src=\"\" alt=\"\"><\/a><br \/>\n            \tWe are the Spanish affiliate of Alivira Animal Health since 2016, dedicated to the manufacturing and distribution of veterinary medicines and animal nutrition products.<\/p>\n<p>    <a href=\"\"   ><br \/>\n          \t.<br \/>\n    <\/a><br \/>\n          \t<a href=\"\"  ><img decoding=\"async\" src=\"\" alt=\"\"><\/a><br \/>\n            \tWe have multiple R&#038;D centers and production units around the world, from which we market our range of products both nationally and internationally.<\/p>\n<p>    <a href=\"\"   ><br \/>\n          \t.<br \/>\n    <\/a><br \/>\n          \t<a href=\"\"  ><img decoding=\"async\" src=\"\" alt=\"\"><\/a><br \/>\n            \tWith over 40 years of experience in the veterinary sector and established as a leading provider of products for livestock, we are expanding our focus to the companion animal sector.<\/p>\n<p>    <a href=\"\"   ><br \/>\n          \t.<br \/>\n    <\/a><br \/>\n          \t<a href=\"\"  ><img decoding=\"async\" src=\"\" alt=\"\"><\/a><br \/>\n            \tReaffirming our dedication to animal health and nutrition, we follow a multi-specialist strategy, focusing on injectable antibiotics, pain management, and the Phytosolutions line.<\/p>\n<p>    <a href=\"\"   ><br \/>\n          \t.<br \/>\n    <\/a><br \/>\n<!-- end Unlimited Carousel --><br \/>\n\t\t\t\t\t\t\t\t\t\t<a role=\"button\"><br \/>\n\t\t\t\t<svg xmlns=\"http:\/\/www.w3.org\/2000\/svg\" width=\"33\" height=\"34\" viewBox=\"0 0 33 34\" fill=\"none\"><ellipse cx=\"16.7617\" cy=\"16.7752\" rx=\"15.9688\" ry=\"16.7749\" fill=\"white\"><\/ellipse><path d=\"M10.7734 16.0258C10.3592 16.0258 10.0234 16.3615 10.0234 16.7758C10.0234 17.19 10.3592 17.5258 10.7734 17.5258L10.7734 16.0258ZM24.2784 17.3061C24.5713 17.0132 24.5713 16.5383 24.2784 16.2454L19.5054 11.4725C19.2125 11.1796 18.7376 11.1796 18.4447 11.4725C18.1519 11.7654 18.1519 12.2402 18.4447 12.5331L22.6874 16.7758L18.4447 21.0184C18.1519 21.3113 18.1519 21.7862 18.4447 22.0791C18.7376 22.372 19.2125 22.372 19.5054 22.0791L24.2784 17.3061ZM10.7734 17.5258L23.748 17.5258L23.748 16.0258L10.7734 16.0258L10.7734 17.5258Z\" fill=\"#563085\"><\/path><\/svg><br \/>\n\t\t\t\t\t\t\t\t\tKnow More<br \/>\n\t\t\t\t\t<\/a><br \/>\n\t\t\t\t\t\t\t\t\t\t\t\t\t\t\t\t\t\t\t<img fetchpriority=\"high\" decoding=\"async\" width=\"1262\" height=\"1152\" src=\"https:\/\/alivira.es\/wp-content\/uploads\/2025\/02\/Mask-group-2-2-1.webp\" alt=\"\" srcset=\"https:\/\/alivira.es\/wp-content\/uploads\/2025\/02\/Mask-group-2-2-1.webp 1262w, https:\/\/alivira.es\/wp-content\/uploads\/2025\/02\/Mask-group-2-2-1-300x274.webp 300w, https:\/\/alivira.es\/wp-content\/uploads\/2025\/02\/Mask-group-2-2-1-1030x940.webp 1030w, https:\/\/alivira.es\/wp-content\/uploads\/2025\/02\/Mask-group-2-2-1-768x701.webp 768w\" sizes=\"(max-width: 1262px) 100vw, 1262px\" \/>\t\t\t\t\t\t\t\t\t\t\t\t\t\t\t\t<\/p>\n<h2>Products<br \/>\n<\/h2>\n<p>\t\t\t\t\t\t\t\t\t\t\t\t\t\t\t<img decoding=\"async\" width=\"275\" height=\"289\" src=\"https:\/\/alivira.es\/wp-content\/uploads\/2024\/12\/1-1-2.png\" alt=\"\" \/>\t\t\t\t\t\t\t\t\t\t\t\t\t\t\t<\/p>\n<h3>Pet<\/h3>\n<p>\t\t\t\t\t\t\t\t\t\t\t\t\t\t\t<img decoding=\"async\" width=\"276\" height=\"289\" src=\"https:\/\/alivira.es\/wp-content\/uploads\/2024\/12\/2-1-2.png\" alt=\"\" \/>\t\t\t\t\t\t\t\t\t\t\t\t\t\t\t<\/p>\n<h3>Swine<\/h3>\n<p>\t\t\t\t\t\t\t\t\t\t\t\t\t\t\t<img loading=\"lazy\" decoding=\"async\" width=\"283\" height=\"300\" src=\"https:\/\/alivira.es\/wp-content\/uploads\/2025\/01\/Poultry-283x300.avif\" alt=\"\" srcset=\"https:\/\/alivira.es\/wp-content\/uploads\/2025\/01\/Poultry-283x300.avif 283w, https:\/\/alivira.es\/wp-content\/uploads\/2025\/01\/Poultry.avif 512w\" sizes=\"(max-width: 283px) 100vw, 283px\" \/>\t\t\t\t\t\t\t\t\t\t\t\t\t\t\t<\/p>\n<h3>Poultry<\/h3>\n<p>\t\t\t\t\t\t\t\t\t\t\t\t\t\t\t<img loading=\"lazy\" decoding=\"async\" width=\"276\" height=\"293\" src=\"https:\/\/alivira.es\/wp-content\/uploads\/2024\/12\/4-2.png\" alt=\"\" \/>\t\t\t\t\t\t\t\t\t\t\t\t\t\t\t<\/p>\n<h3>Ruminants<\/h3>\n<p>\t\t\t\t\t\t\t\t\t\t\t\t\t\t\t<img loading=\"lazy\" decoding=\"async\" width=\"275\" height=\"293\" src=\"https:\/\/alivira.es\/wp-content\/uploads\/2024\/12\/5-2.png\" alt=\"\" \/>\t\t\t\t\t\t\t\t\t\t\t\t\t\t\t<\/p>\n<h3>Others<\/h3>\n<p>\t\t\t\t\t\t\t\t\t\t\t\t\t\t\t\t<a href=\"https:\/\/www.phytosolutions.es\/en\/phytosolutions\/\"><br \/>\n\t\t\t\t\t\t\t<img loading=\"lazy\" decoding=\"async\" width=\"276\" height=\"293\" src=\"https:\/\/alivira.es\/wp-content\/uploads\/2024\/12\/Phytosolutions.png\" alt=\"\" \/>\t\t\t\t\t\t\t\t<\/a><\/p>\n<h3><a href=\"https:\/\/www.phytosolutions.es\/en\/phytosolutions\/\">Phytosolutions<\/a><\/h3>\n<p>\t\t\t\t\t\t\t\t\t\t\t\t\t\t\t\t\t<img decoding=\"async\" width=\"275\" height=\"289\" src=\"https:\/\/alivira.es\/wp-content\/uploads\/2024\/12\/1-1-2.png\" alt=\"\" \/>\t\t\t\t\t\t\t\t\t\t\t\t\t\t\t\t<\/p>\n<h3>Pet<\/h3>\n<p>\t\t\t\t\t\t\t\t\t\t\t\t\t\t\t<img decoding=\"async\" width=\"276\" height=\"289\" src=\"https:\/\/alivira.es\/wp-content\/uploads\/2024\/12\/2-1-2.png\" alt=\"\" \/>\t\t\t\t\t\t\t\t\t\t\t\t\t\t\t\t<\/p>\n<h3>Swine<\/h3>\n<p>\t\t\t\t\t\t\t\t\t\t\t\t\t\t\t<img loading=\"lazy\" decoding=\"async\" width=\"283\" height=\"300\" src=\"https:\/\/alivira.es\/wp-content\/uploads\/2025\/01\/Poultry-283x300.avif\" alt=\"\" srcset=\"https:\/\/alivira.es\/wp-content\/uploads\/2025\/01\/Poultry-283x300.avif 283w, https:\/\/alivira.es\/wp-content\/uploads\/2025\/01\/Poultry.avif 512w\" sizes=\"(max-width: 283px) 100vw, 283px\" \/>\t\t\t\t\t\t\t\t\t\t\t\t\t\t\t\t<\/p>\n<h3>Poultry<\/h3>\n<p>\t\t\t\t\t\t\t\t\t\t\t\t\t\t\t<img loading=\"lazy\" decoding=\"async\" width=\"276\" height=\"293\" src=\"https:\/\/alivira.es\/wp-content\/uploads\/2024\/12\/4-2.png\" alt=\"\" \/>\t\t\t\t\t\t\t\t\t\t\t\t\t\t\t\t<\/p>\n<h3>Ruminants<\/h3>\n<p>\t\t\t\t\t\t\t\t\t\t\t\t\t\t\t<img loading=\"lazy\" decoding=\"async\" width=\"275\" height=\"293\" src=\"https:\/\/alivira.es\/wp-content\/uploads\/2024\/12\/5-2.png\" alt=\"\" \/>\t\t\t\t\t\t\t\t\t\t\t\t\t\t\t\t<\/p>\n<h3>Others<\/h3>\n<p>\t\t\t\t\t\t\t\t\t\t\t\t\t\t\t\t<a href=\"https:\/\/www.phytosolutions.es\/en\/phytosolutions\/\"><br \/>\n\t\t\t\t\t\t\t<img loading=\"lazy\" decoding=\"async\" width=\"276\" height=\"293\" src=\"https:\/\/alivira.es\/wp-content\/uploads\/2024\/12\/Phytosolutions.png\" alt=\"\" \/>\t\t\t\t\t\t\t\t<\/a><\/p>\n<h3><a href=\"https:\/\/www.phytosolutions.es\/en\/phytosolutions\/\">Phytosolutions<\/a><\/h3>\n<h2>News<\/h2>\n<p>\t\t\t\t\t\t\t\t\t\t<a role=\"button\"><br \/>\n\t\t\t\t<svg xmlns=\"http:\/\/www.w3.org\/2000\/svg\" width=\"33\" height=\"34\" viewBox=\"0 0 33 34\" fill=\"none\"><ellipse cx=\"16.7617\" cy=\"16.7752\" rx=\"15.9688\" ry=\"16.7749\" fill=\"white\"><\/ellipse><path d=\"M10.7734 16.0258C10.3592 16.0258 10.0234 16.3615 10.0234 16.7758C10.0234 17.19 10.3592 17.5258 10.7734 17.5258L10.7734 16.0258ZM24.2784 17.3061C24.5713 17.0132 24.5713 16.5383 24.2784 16.2454L19.5054 11.4725C19.2125 11.1796 18.7376 11.1796 18.4447 11.4725C18.1519 11.7654 18.1519 12.2402 18.4447 12.5331L22.6874 16.7758L18.4447 21.0184C18.1519 21.3113 18.1519 21.7862 18.4447 22.0791C18.7376 22.372 19.2125 22.372 19.5054 22.0791L24.2784 17.3061ZM10.7734 17.5258L23.748 17.5258L23.748 16.0258L10.7734 16.0258L10.7734 17.5258Z\" fill=\"#563085\"><\/path><\/svg><br \/>\n\t\t\t\t\t\t\t\t\tKnow more<br \/>\n\t\t\t\t\t<\/a><\/p>\n","protected":false},"excerpt":{"rendered":"<p>We are the Spanish affiliate of Alivira Animal Health since 2016, dedicated to the manufacturing and distribution of veterinary medicines and animal nutrition products. . We have multiple R&#038;D centers and production units around the world, from which we market our range of products both nationally and internationally. . With over 40 years of experience [&hellip;]<\/p>\n","protected":false},"author":8,"featured_media":0,"parent":0,"menu_order":0,"comment_status":"closed","ping_status":"closed","template":"elementor_header_footer","meta":{"footnotes":""},"class_list":["post-19769","page","type-page","status-publish","hentry"],"yoast_head":"<!-- This site is optimized with the Yoast SEO Premium plugin v24.5 (Yoast SEO v25.9) - https:\/\/yoast.com\/wordpress\/plugins\/seo\/ -->\n<title>Laboratorio farmac\u00e9utico veterinario | Salud Animal | Alivira Espa\u00f1a<\/title>\n<meta name=\"description\" content=\"Alivira Espa\u00f1a es un laboratorio farmac\u00e9utico veterinario especializado en salud, nutrici\u00f3n y bienestar animal. Amplio portafolio de productos para ganader\u00eda y animales de compa\u00f1\u00eda.\" \/>\n<meta name=\"robots\" content=\"index, follow, max-snippet:-1, max-image-preview:large, max-video-preview:-1\" \/>\n<link rel=\"canonical\" href=\"https:\/\/alivira.es\/en\/\" \/>\n<meta property=\"og:locale\" content=\"en_US\" \/>\n<meta property=\"og:type\" content=\"article\" \/>\n<meta property=\"og:title\" content=\"Home\" \/>\n<meta property=\"og:description\" content=\"Alivira Espa\u00f1a es un laboratorio farmac\u00e9utico veterinario especializado en salud, nutrici\u00f3n y bienestar animal. Amplio portafolio de productos para ganader\u00eda y animales de compa\u00f1\u00eda.\" \/>\n<meta property=\"og:url\" content=\"https:\/\/alivira.es\/en\/\" \/>\n<meta property=\"og:site_name\" content=\"Alivira Espa\u00f1a\" \/>\n<meta property=\"article:modified_time\" content=\"2026-04-07T07:27:18+00:00\" \/>\n<meta property=\"og:image\" content=\"https:\/\/alivira.es\/wp-content\/uploads\/2025\/01\/Slider-Image-1.avif\" \/>\n<meta name=\"twitter:card\" content=\"summary_large_image\" \/>\n<meta name=\"twitter:label1\" content=\"Est. reading time\" \/>\n\t<meta name=\"twitter:data1\" content=\"5 minutes\" \/>\n<script type=\"application\/ld+json\" class=\"yoast-schema-graph\">{\"@context\":\"https:\/\/schema.org\",\"@graph\":[{\"@type\":\"WebPage\",\"@id\":\"https:\/\/alivira.es\/en\/\",\"url\":\"https:\/\/alivira.es\/en\/\",\"name\":\"Laboratorio farmac\u00e9utico veterinario | Salud Animal | Alivira Espa\u00f1a\",\"isPartOf\":{\"@id\":\"https:\/\/alivira.es\/#website\"},\"primaryImageOfPage\":{\"@id\":\"https:\/\/alivira.es\/en\/#primaryimage\"},\"image\":{\"@id\":\"https:\/\/alivira.es\/en\/#primaryimage\"},\"thumbnailUrl\":\"https:\/\/alivira.es\/wp-content\/uploads\/2025\/01\/Slider-Image-1.avif\",\"datePublished\":\"2024-12-02T10:34:15+00:00\",\"dateModified\":\"2026-04-07T07:27:18+00:00\",\"description\":\"Alivira Espa\u00f1a es un laboratorio farmac\u00e9utico veterinario especializado en salud, nutrici\u00f3n y bienestar animal. Amplio portafolio de productos para ganader\u00eda y animales de compa\u00f1\u00eda.\",\"breadcrumb\":{\"@id\":\"https:\/\/alivira.es\/en\/#breadcrumb\"},\"inLanguage\":\"en-US\",\"potentialAction\":[{\"@type\":\"ReadAction\",\"target\":[\"https:\/\/alivira.es\/en\/\"]}]},{\"@type\":\"ImageObject\",\"inLanguage\":\"en-US\",\"@id\":\"https:\/\/alivira.es\/en\/#primaryimage\",\"url\":\"https:\/\/alivira.es\/wp-content\/uploads\/2025\/01\/Slider-Image-1.avif\",\"contentUrl\":\"https:\/\/alivira.es\/wp-content\/uploads\/2025\/01\/Slider-Image-1.avif\"},{\"@type\":\"BreadcrumbList\",\"@id\":\"https:\/\/alivira.es\/en\/#breadcrumb\",\"itemListElement\":[{\"@type\":\"ListItem\",\"position\":1,\"name\":\"Inici\",\"item\":\"https:\/\/alivira.es\/en\/\"},{\"@type\":\"ListItem\",\"position\":2,\"name\":\"Home\"}]},{\"@type\":\"WebSite\",\"@id\":\"https:\/\/alivira.es\/#website\",\"url\":\"https:\/\/alivira.es\/\",\"name\":\"Alivira Spain\",\"description\":\"Productos farmacol\u00f3gicos veterinarios\",\"potentialAction\":[{\"@type\":\"SearchAction\",\"target\":{\"@type\":\"EntryPoint\",\"urlTemplate\":\"https:\/\/alivira.es\/?s={search_term_string}\"},\"query-input\":{\"@type\":\"PropertyValueSpecification\",\"valueRequired\":true,\"valueName\":\"search_term_string\"}}],\"inLanguage\":\"en-US\"}]}<\/script>\n<!-- \/ Yoast SEO Premium plugin. -->","yoast_head_json":{"title":"Laboratorio farmac\u00e9utico veterinario | Salud Animal | Alivira Espa\u00f1a","description":"Alivira Espa\u00f1a es un laboratorio farmac\u00e9utico veterinario especializado en salud, nutrici\u00f3n y bienestar animal. Amplio portafolio de productos para ganader\u00eda y animales de compa\u00f1\u00eda.","robots":{"index":"index","follow":"follow","max-snippet":"max-snippet:-1","max-image-preview":"max-image-preview:large","max-video-preview":"max-video-preview:-1"},"canonical":"https:\/\/alivira.es\/en\/","og_locale":"en_US","og_type":"article","og_title":"Home","og_description":"Alivira Espa\u00f1a es un laboratorio farmac\u00e9utico veterinario especializado en salud, nutrici\u00f3n y bienestar animal. Amplio portafolio de productos para ganader\u00eda y animales de compa\u00f1\u00eda.","og_url":"https:\/\/alivira.es\/en\/","og_site_name":"Alivira Espa\u00f1a","article_modified_time":"2026-04-07T07:27:18+00:00","og_image":[{"url":"https:\/\/alivira.es\/wp-content\/uploads\/2025\/01\/Slider-Image-1.avif","type":"","width":"","height":""}],"twitter_card":"summary_large_image","twitter_misc":{"Est. reading time":"5 minutes"},"schema":{"@context":"https:\/\/schema.org","@graph":[{"@type":"WebPage","@id":"https:\/\/alivira.es\/en\/","url":"https:\/\/alivira.es\/en\/","name":"Laboratorio farmac\u00e9utico veterinario | Salud Animal | Alivira Espa\u00f1a","isPartOf":{"@id":"https:\/\/alivira.es\/#website"},"primaryImageOfPage":{"@id":"https:\/\/alivira.es\/en\/#primaryimage"},"image":{"@id":"https:\/\/alivira.es\/en\/#primaryimage"},"thumbnailUrl":"https:\/\/alivira.es\/wp-content\/uploads\/2025\/01\/Slider-Image-1.avif","datePublished":"2024-12-02T10:34:15+00:00","dateModified":"2026-04-07T07:27:18+00:00","description":"Alivira Espa\u00f1a es un laboratorio farmac\u00e9utico veterinario especializado en salud, nutrici\u00f3n y bienestar animal. Amplio portafolio de productos para ganader\u00eda y animales de compa\u00f1\u00eda.","breadcrumb":{"@id":"https:\/\/alivira.es\/en\/#breadcrumb"},"inLanguage":"en-US","potentialAction":[{"@type":"ReadAction","target":["https:\/\/alivira.es\/en\/"]}]},{"@type":"ImageObject","inLanguage":"en-US","@id":"https:\/\/alivira.es\/en\/#primaryimage","url":"https:\/\/alivira.es\/wp-content\/uploads\/2025\/01\/Slider-Image-1.avif","contentUrl":"https:\/\/alivira.es\/wp-content\/uploads\/2025\/01\/Slider-Image-1.avif"},{"@type":"BreadcrumbList","@id":"https:\/\/alivira.es\/en\/#breadcrumb","itemListElement":[{"@type":"ListItem","position":1,"name":"Inici","item":"https:\/\/alivira.es\/en\/"},{"@type":"ListItem","position":2,"name":"Home"}]},{"@type":"WebSite","@id":"https:\/\/alivira.es\/#website","url":"https:\/\/alivira.es\/","name":"Alivira Spain","description":"Productos farmacol\u00f3gicos veterinarios","potentialAction":[{"@type":"SearchAction","target":{"@type":"EntryPoint","urlTemplate":"https:\/\/alivira.es\/?s={search_term_string}"},"query-input":{"@type":"PropertyValueSpecification","valueRequired":true,"valueName":"search_term_string"}}],"inLanguage":"en-US"}]}},"_links":{"self":[{"href":"https:\/\/alivira.es\/en\/wp-json\/wp\/v2\/pages\/19769","targetHints":{"allow":["GET"]}}],"collection":[{"href":"https:\/\/alivira.es\/en\/wp-json\/wp\/v2\/pages"}],"about":[{"href":"https:\/\/alivira.es\/en\/wp-json\/wp\/v2\/types\/page"}],"author":[{"embeddable":true,"href":"https:\/\/alivira.es\/en\/wp-json\/wp\/v2\/users\/8"}],"replies":[{"embeddable":true,"href":"https:\/\/alivira.es\/en\/wp-json\/wp\/v2\/comments?post=19769"}],"version-history":[{"count":1,"href":"https:\/\/alivira.es\/en\/wp-json\/wp\/v2\/pages\/19769\/revisions"}],"predecessor-version":[{"id":29536,"href":"https:\/\/alivira.es\/en\/wp-json\/wp\/v2\/pages\/19769\/revisions\/29536"}],"wp:attachment":[{"href":"https:\/\/alivira.es\/en\/wp-json\/wp\/v2\/media?parent=19769"}],"curies":[{"name":"wp","href":"https:\/\/api.w.org\/{rel}","templated":true}]}}